{"id":28,"date":"2024-06-06T23:20:36","date_gmt":"2024-06-06T21:20:36","guid":{"rendered":"http:\/\/braun-24.eu\/wordpress\/?page_id=28"},"modified":"2024-06-19T11:45:53","modified_gmt":"2024-06-19T09:45:53","slug":"ueberblick","status":"publish","type":"page","link":"https:\/\/braun-24.eu\/wordpress\/","title":{"rendered":"\u00dcberblick"},"content":{"rendered":"\n<p>Diese Seite und alle folgenden Abschnitte sind Vorschl\u00e4ge zu einer m\u00f6glichen Motorradreise. Routen und Tipps sollen zu eigenen Ideen anregen, die in der gemeinsamen Abstimmung zur &#8222;perfekten&#8220; Reiseplanung f\u00fchren.<\/p>\n\n\n\n<p>Eine Genusstour f\u00fcr gesetzte Motorradfahrer wie uns. Von D\u00fcsseldorf bis Berchtesgaden weiter zum Bodensee und wieder nach Hause.<\/p>\n\n\n\n<p>Diese Motorradreise ist ideal f\u00fcr Fahrer im Alter von 60+, die eine entspannte und genussvolle Tour bevorzugen. Hier geht es nicht um Geschwindigkeit, sondern um das bewusste Erleben der Landschaft, Kultur und Kulinarik. <\/p>\n\n\n\n<p>Die ausgew\u00e4hlten Routen und die vielen Sehensw\u00fcrdigkeiten bieten ein unvergleichliches Reiseerlebnis auf zwei R\u00e4dern. <\/p>\n\n\n\n<p>Tanken wir auf, genie\u00dfen die Freiheit und lassen uns von den vielf\u00e4ltigen Sch\u00f6nheiten S\u00fcddeutschlands verzaubern. Die R\u00fcckkehr \u00fcber die Deutsche Alleenstra\u00dfe rundet die Reise perfekt ab und l\u00e4sst uns in Ruhe und mit vielen unvergesslichen Eindr\u00fccken heimkehren.<\/p>\n\n\n\n<p><\/p>\n","protected":false},"excerpt":{"rendered":"<p>Diese Seite und alle folgenden Abschnitte sind Vorschl\u00e4ge zu einer m\u00f6glichen Motorradreise. Routen und Tipps sollen zu eigenen Ideen anregen, die in der gemeinsamen Abstimmung zur &#8222;perfekten&#8220; Reiseplanung f\u00fchren. Eine Genusstour f\u00fcr gesetzte Motorradfahrer wie uns. Von D\u00fcsseldorf bis Berchtesgaden weiter zum Bodensee und wieder nach Hause. Diese Motorradreise ist ideal f\u00fcr Fahrer im Alter &hellip; <a href=\"https:\/\/braun-24.eu\/wordpress\/\" class=\"more-link\"><span class=\"screen-reader-text\">\u00dcberblick<\/span> weiterlesen<\/a><\/p>\n","protected":false},"author":1,"featured_media":0,"parent":0,"menu_order":0,"comment_status":"closed","ping_status":"closed","template":"","meta":{"_kadence_starter_templates_imported_post":false,"footnotes":""},"class_list":["post-28","page","type-page","status-publish","hentry"],"_links":{"self":[{"href":"https:\/\/braun-24.eu\/wordpress\/wp-json\/wp\/v2\/pages\/28"}],"collection":[{"href":"https:\/\/braun-24.eu\/wordpress\/wp-json\/wp\/v2\/pages"}],"about":[{"href":"https:\/\/braun-24.eu\/wordpress\/wp-json\/wp\/v2\/types\/page"}],"author":[{"embeddable":true,"href":"https:\/\/braun-24.eu\/wordpress\/wp-json\/wp\/v2\/users\/1"}],"replies":[{"embeddable":true,"href":"https:\/\/braun-24.eu\/wordpress\/wp-json\/wp\/v2\/comments?post=28"}],"version-history":[{"count":10,"href":"https:\/\/braun-24.eu\/wordpress\/wp-json\/wp\/v2\/pages\/28\/revisions"}],"predecessor-version":[{"id":615,"href":"https:\/\/braun-24.eu\/wordpress\/wp-json\/wp\/v2\/pages\/28\/revisions\/615"}],"wp:attachment":[{"href":"https:\/\/braun-24.eu\/wordpress\/wp-json\/wp\/v2\/media?parent=28"}],"curies":[{"name":"wp","href":"https:\/\/api.w.org\/{rel}","templated":true}]}}